{"id":11617,"date":"2025-05-05T19:44:47","date_gmt":"2025-05-05T17:44:47","guid":{"rendered":"https:\/\/kabiriafilms.es\/?page_id=11617"},"modified":"2025-06-11T17:30:33","modified_gmt":"2025-06-11T15:30:33","slug":"kabiria","status":"publish","type":"page","link":"https:\/\/kabiriafilms.es\/en\/kabiria\/","title":{"rendered":"Kabiria"},"content":{"rendered":"<div data-elementor-type=\"wp-page\" data-elementor-id=\"11617\" class=\"elementor elementor-11617\">\n\t\t\t\t<div class=\"elementor-element elementor-element-02d1db6 e-flex e-con-boxed mk-enable-fade-animation-none mk-sticky-column-false mk-sticky-column-disable-tablet e-con e-parent\" data-id=\"02d1db6\" data-element_type=\"container\" data-settings=\"{&quot;mk-animation-effect&quot;:&quot;none&quot;,&quot;mk_ext_is_sticky&quot;:&quot;false&quot;}\">\n\t\t\t\t\t<div class=\"e-con-inner\">\n\t\t<div class=\"elementor-element elementor-element-f79e6e1 e-con-full e-flex mk-enable-fade-animation-none mk-sticky-column-false mk-sticky-column-disable-tablet e-con e-child\" data-id=\"f79e6e1\" data-element_type=\"container\" data-settings=\"{&quot;mk-animation-effect&quot;:&quot;none&quot;,&quot;mk_ext_is_sticky&quot;:&quot;false&quot;}\">\n\t\t\t\t<div class=\"elementor-element elementor-element-5c6614e mk-t-animation-char mk-enable-fade-animation-none elementor-widget elementor-widget-mk_animated_title\" data-id=\"5c6614e\" data-element_type=\"widget\" data-settings=\"{&quot;mk_text_animation&quot;:&quot;char&quot;,&quot;mk_text_animation_editor&quot;:&quot;yes&quot;,&quot;text_delay&quot;:0.15,&quot;text_duration&quot;:1,&quot;text_stagger&quot;:0.02,&quot;text_on_scroll&quot;:&quot;yes&quot;,&quot;text_translate_x&quot;:20,&quot;text_translate_y&quot;:0,&quot;mk-animation-effect&quot;:&quot;none&quot;,&quot;mk_ext_is_infinite&quot;:&quot;false&quot;,&quot;mk_ext_is_scrollme&quot;:&quot;false&quot;}\" data-widget_type=\"mk_animated_title.default\">\n\t\t\t\t<div class=\"elementor-widget-container\">\n\t\t\t\t\t<h2 class=\"mk--animated-title\">KABIRIA<br \/>\nFilms<\/h2>\t\t\t\t<\/div>\n\t\t\t\t<\/div>\n\t\t\t\t<div class=\"elementor-element elementor-element-83fe87e elementor-widget__width-initial mk-enable-fade-animation-none elementor-widget elementor-widget-text-editor\" data-id=\"83fe87e\" data-element_type=\"widget\" data-settings=\"{&quot;mk-animation-effect&quot;:&quot;none&quot;,&quot;mk_ext_is_infinite&quot;:&quot;false&quot;,&quot;mk_ext_is_scrollme&quot;:&quot;false&quot;}\" data-widget_type=\"text-editor.default\">\n\t\t\t\t<div class=\"elementor-widget-container\">\n\t\t\t\t\t\t\t\t\t<p><strong>Kabiria Films<\/strong> nace en 2018, fruto de la uni\u00f3n de dos productores y realizadores madrile\u00f1os. Nos une nuestra formaci\u00f3n en la ECAM, nuestra pasi\u00f3n por el cine y nuestras ganas de aportar frescura y trabajo.<\/p><p>Hemos producido <strong>m\u00e1s de quince cortometrajes<\/strong> que han sido premiados o seleccionados en festivales como <strong>Clermont Ferrand, Festival de M\u00e1laga, Gij\u00f3n, Seminci, o los Premios Goya<\/strong>. Tras el estreno de \u201cEl aspirante\u201d (Juan Gautier, 2024) nos encontramos rodando nuestro segundo largometraje.<\/p><p>En <strong>Kabiria Films<\/strong> estamos orgullosos de servir de plataforma a una nueva generaci\u00f3n de cineastas y de estar aportando una visi\u00f3n propia y sin complejos al panorama cinematogr\u00e1fico nacional e internacional.<\/p>\t\t\t\t\t\t\t\t<\/div>\n\t\t\t\t<\/div>\n\t\t\t\t<div class=\"elementor-element elementor-element-80eaa8f mk-enable-fade-animation-none elementor-widget elementor-widget-video\" data-id=\"80eaa8f\" data-element_type=\"widget\" data-settings=\"{&quot;video_type&quot;:&quot;vimeo&quot;,&quot;mk-animation-effect&quot;:&quot;none&quot;,&quot;mk_ext_is_infinite&quot;:&quot;false&quot;,&quot;mk_ext_is_scrollme&quot;:&quot;false&quot;}\" data-widget_type=\"video.default\">\n\t\t\t\t<div class=\"elementor-widget-container\">\n\t\t\t\t\t\t\t<div class=\"elementor-wrapper elementor-open-inline\">\n\t\t\t<iframe class=\"elementor-video-iframe\" allowfullscreen allow=\"clipboard-write\" title=\"Reproductor de v\u00eddeo vimeo\" src=\"https:\/\/player.vimeo.com\/video\/540558922?color=E19C04&amp;autopause=0&amp;loop=0&amp;muted=0&amp;title=1&amp;portrait=1&amp;byline=1#t=\"><\/iframe>\t\t<\/div>\n\t\t\t\t\t\t<\/div>\n\t\t\t\t<\/div>\n\t\t\t\t<\/div>\n\t\t<div class=\"elementor-element elementor-element-b317a0b e-con-full e-flex mk-enable-fade-animation-none mk-sticky-column-false mk-sticky-column-disable-tablet e-con e-child\" data-id=\"b317a0b\" data-element_type=\"container\" data-settings=\"{&quot;mk-animation-effect&quot;:&quot;none&quot;,&quot;mk_ext_is_sticky&quot;:&quot;false&quot;}\">\n\t\t<div class=\"elementor-element elementor-element-4487dad e-con-full e-flex mk-enable-fade-animation-none mk-sticky-column-false mk-sticky-column-disable-tablet e-con e-child\" data-id=\"4487dad\" data-element_type=\"container\" data-settings=\"{&quot;mk-animation-effect&quot;:&quot;none&quot;,&quot;mk_ext_is_sticky&quot;:&quot;false&quot;}\">\n\t\t\t\t<div class=\"elementor-element elementor-element-d47969b elementor-widget-tablet__width-inherit mk-enable-fade-animation-none elementor-widget elementor-widget-mk_image\" data-id=\"d47969b\" data-element_type=\"widget\" data-settings=\"{&quot;mk-animation-effect&quot;:&quot;none&quot;,&quot;mk_ext_is_infinite&quot;:&quot;false&quot;,&quot;mk_ext_is_scrollme&quot;:&quot;false&quot;}\" data-widget_type=\"mk_image.default\">\n\t\t\t\t<div class=\"elementor-widget-container\">\n\t\t\t\t\t\n        <div class=\"mk-image\">\n            <div class=\"mk-image-wrapper swm-anim align-items-center\">\n\n                    \n                    <figure class=\"swm-anim\">\n\n                    <img fetchpriority=\"high\" decoding=\"async\" width=\"750\" height=\"1028\" src=\"https:\/\/kabiriafilms.es\/wp-content\/uploads\/2025\/05\/kabiria-01.jpg\" class=\"attachment-full size-full\" alt=\"KABIRIA Films\" srcset=\"https:\/\/kabiriafilms.es\/wp-content\/uploads\/2025\/05\/kabiria-01.jpg 750w, https:\/\/kabiriafilms.es\/wp-content\/uploads\/2025\/05\/kabiria-01-219x300.jpg 219w, https:\/\/kabiriafilms.es\/wp-content\/uploads\/2025\/05\/kabiria-01-747x1024.jpg 747w, https:\/\/kabiriafilms.es\/wp-content\/uploads\/2025\/05\/kabiria-01-18x24.jpg 18w\" sizes=\"(max-width: 750px) 100vw, 750px\" \/>\n                    <\/figure>\n\n            <\/div>\n\n        <\/div> <!-- end -.mk-image -->\n\n        \t\t\t\t<\/div>\n\t\t\t\t<\/div>\n\t\t\t\t<\/div>\n\t\t\t\t<\/div>\n\t\t<div class=\"elementor-element elementor-element-b668f2e e-con-full e-flex mk-enable-fade-animation-none mk-sticky-column-false mk-sticky-column-disable-tablet e-con e-child\" data-id=\"b668f2e\" data-element_type=\"container\" data-settings=\"{&quot;mk-animation-effect&quot;:&quot;none&quot;,&quot;mk_ext_is_sticky&quot;:&quot;false&quot;}\">\n\t\t<div class=\"elementor-element elementor-element-d1c8d30 e-con-full e-flex mk-enable-fade-animation-none mk-sticky-column-false mk-sticky-column-disable-tablet e-con e-child\" data-id=\"d1c8d30\" data-element_type=\"container\" data-settings=\"{&quot;mk-animation-effect&quot;:&quot;none&quot;,&quot;mk_ext_is_sticky&quot;:&quot;false&quot;}\">\n\t\t\t\t<div class=\"elementor-element elementor-element-b54b413 elementor-widget-tablet__width-inherit mk-enable-fade-animation-none elementor-widget elementor-widget-mk_image\" data-id=\"b54b413\" data-element_type=\"widget\" data-settings=\"{&quot;mk-animation-effect&quot;:&quot;none&quot;,&quot;mk_ext_is_infinite&quot;:&quot;false&quot;,&quot;mk_ext_is_scrollme&quot;:&quot;false&quot;}\" data-widget_type=\"mk_image.default\">\n\t\t\t\t<div class=\"elementor-widget-container\">\n\t\t\t\t\t\n        <div class=\"mk-image\">\n            <div class=\"mk-image-wrapper swm-anim align-items-center\">\n\n                    \n                    <figure class=\"swm-anim\">\n\n                    <img decoding=\"async\" width=\"750\" height=\"1028\" src=\"https:\/\/kabiriafilms.es\/wp-content\/uploads\/2025\/05\/kabiria-02.jpg\" class=\"attachment-full size-full\" alt=\"KABIRIA Films\" srcset=\"https:\/\/kabiriafilms.es\/wp-content\/uploads\/2025\/05\/kabiria-02.jpg 750w, https:\/\/kabiriafilms.es\/wp-content\/uploads\/2025\/05\/kabiria-02-219x300.jpg 219w, https:\/\/kabiriafilms.es\/wp-content\/uploads\/2025\/05\/kabiria-02-747x1024.jpg 747w, https:\/\/kabiriafilms.es\/wp-content\/uploads\/2025\/05\/kabiria-02-18x24.jpg 18w\" sizes=\"(max-width: 750px) 100vw, 750px\" \/>\n                    <\/figure>\n\n            <\/div>\n\n        <\/div> <!-- end -.mk-image -->\n\n        \t\t\t\t<\/div>\n\t\t\t\t<\/div>\n\t\t\t\t<\/div>\n\t\t\t\t<\/div>\n\t\t\t\t\t<\/div>\n\t\t\t\t<\/div>\n\t\t\t\t<\/div>","protected":false},"excerpt":{"rendered":"<p>KABIRIA Films Kabiria Films nace en 2018, fruto de la uni\u00f3n de dos productores y realizadores madrile\u00f1os. Nos une nuestra formaci\u00f3n en la ECAM, nuestra pasi\u00f3n por el cine y nuestras ganas de aportar frescura y trabajo. Hemos producido m\u00e1s [&hellip;]<\/p>","protected":false},"author":1,"featured_media":12551,"parent":0,"menu_order":0,"comment_status":"closed","ping_status":"closed","template":"elementor_header_footer","meta":{"inline_featured_image":false,"footnotes":""},"class_list":["post-11617","page","type-page","status-publish","has-post-thumbnail","hentry"],"yoast_head":"<!-- This site is optimized with the Yoast SEO plugin v25.0 - https:\/\/yoast.com\/wordpress\/plugins\/seo\/ -->\n<title>Kabiria - KABIRIA Films<\/title>\n<meta name=\"description\" content=\"Kabiria Films nace en 2018 de la uni\u00f3n de dos cineastas madrile\u00f1os, con una mirada propia al cine nacional con una nueva generaci\u00f3n de talentos y cine fresco.\" \/>\n<meta name=\"robots\" content=\"index, follow, max-snippet:-1, max-image-preview:large, max-video-preview:-1\" \/>\n<link rel=\"canonical\" href=\"https:\/\/kabiriafilms.es\/en\/kabiria\/\" \/>\n<meta property=\"og:locale\" content=\"en_GB\" \/>\n<meta property=\"og:type\" content=\"article\" \/>\n<meta property=\"og:title\" content=\"Kabiria - KABIRIA Films\" \/>\n<meta property=\"og:description\" content=\"Kabiria Films nace en 2018 de la uni\u00f3n de dos cineastas madrile\u00f1os, con una mirada propia al cine nacional con una nueva generaci\u00f3n de talentos y cine fresco.\" \/>\n<meta property=\"og:url\" content=\"https:\/\/kabiriafilms.es\/en\/kabiria\/\" \/>\n<meta property=\"og:site_name\" content=\"KABIRIA Films\" \/>\n<meta property=\"article:modified_time\" content=\"2025-06-11T15:30:33+00:00\" \/>\n<meta property=\"og:image\" content=\"https:\/\/kabiriafilms.es\/wp-content\/uploads\/2025\/05\/kabiria-01.jpg\" \/>\n\t<meta property=\"og:image:width\" content=\"750\" \/>\n\t<meta property=\"og:image:height\" content=\"1028\" \/>\n\t<meta property=\"og:image:type\" content=\"image\/jpeg\" \/>\n<meta name=\"twitter:card\" content=\"summary_large_image\" \/>\n<meta name=\"twitter:label1\" content=\"Estimated reading time\" \/>\n\t<meta name=\"twitter:data1\" content=\"2 minutes\" \/>\n<script type=\"application\/ld+json\" class=\"yoast-schema-graph\">{\"@context\":\"https:\/\/schema.org\",\"@graph\":[{\"@type\":\"WebPage\",\"@id\":\"https:\/\/kabiriafilms.es\/kabiria\/\",\"url\":\"https:\/\/kabiriafilms.es\/kabiria\/\",\"name\":\"Kabiria - KABIRIA Films\",\"isPartOf\":{\"@id\":\"https:\/\/kabiriafilms.es\/#website\"},\"primaryImageOfPage\":{\"@id\":\"https:\/\/kabiriafilms.es\/kabiria\/#primaryimage\"},\"image\":{\"@id\":\"https:\/\/kabiriafilms.es\/kabiria\/#primaryimage\"},\"thumbnailUrl\":\"https:\/\/kabiriafilms.es\/wp-content\/uploads\/2025\/05\/kabiria-01.jpg\",\"datePublished\":\"2025-05-05T17:44:47+00:00\",\"dateModified\":\"2025-06-11T15:30:33+00:00\",\"description\":\"Kabiria Films nace en 2018 de la uni\u00f3n de dos cineastas madrile\u00f1os, con una mirada propia al cine nacional con una nueva generaci\u00f3n de talentos y cine fresco.\",\"breadcrumb\":{\"@id\":\"https:\/\/kabiriafilms.es\/kabiria\/#breadcrumb\"},\"inLanguage\":\"en-GB\",\"potentialAction\":[{\"@type\":\"ReadAction\",\"target\":[\"https:\/\/kabiriafilms.es\/kabiria\/\"]}]},{\"@type\":\"ImageObject\",\"inLanguage\":\"en-GB\",\"@id\":\"https:\/\/kabiriafilms.es\/kabiria\/#primaryimage\",\"url\":\"https:\/\/kabiriafilms.es\/wp-content\/uploads\/2025\/05\/kabiria-01.jpg\",\"contentUrl\":\"https:\/\/kabiriafilms.es\/wp-content\/uploads\/2025\/05\/kabiria-01.jpg\",\"width\":750,\"height\":1028,\"caption\":\"KABIRIA Films\"},{\"@type\":\"BreadcrumbList\",\"@id\":\"https:\/\/kabiriafilms.es\/kabiria\/#breadcrumb\",\"itemListElement\":[{\"@type\":\"ListItem\",\"position\":1,\"name\":\"Portada\",\"item\":\"https:\/\/kabiriafilms.es\/\"},{\"@type\":\"ListItem\",\"position\":2,\"name\":\"Kabiria\"}]},{\"@type\":\"WebSite\",\"@id\":\"https:\/\/kabiriafilms.es\/#website\",\"url\":\"https:\/\/kabiriafilms.es\/\",\"name\":\"KABIRIA Films\",\"description\":\"\",\"potentialAction\":[{\"@type\":\"SearchAction\",\"target\":{\"@type\":\"EntryPoint\",\"urlTemplate\":\"https:\/\/kabiriafilms.es\/?s={search_term_string}\"},\"query-input\":{\"@type\":\"PropertyValueSpecification\",\"valueRequired\":true,\"valueName\":\"search_term_string\"}}],\"inLanguage\":\"en-GB\"}]}<\/script>\n<!-- \/ Yoast SEO plugin. -->","yoast_head_json":{"title":"Kabiria - KABIRIA Films","description":"Kabiria Films nace en 2018 de la uni\u00f3n de dos cineastas madrile\u00f1os, con una mirada propia al cine nacional con una nueva generaci\u00f3n de talentos y cine fresco.","robots":{"index":"index","follow":"follow","max-snippet":"max-snippet:-1","max-image-preview":"max-image-preview:large","max-video-preview":"max-video-preview:-1"},"canonical":"https:\/\/kabiriafilms.es\/en\/kabiria\/","og_locale":"en_GB","og_type":"article","og_title":"Kabiria - KABIRIA Films","og_description":"Kabiria Films nace en 2018 de la uni\u00f3n de dos cineastas madrile\u00f1os, con una mirada propia al cine nacional con una nueva generaci\u00f3n de talentos y cine fresco.","og_url":"https:\/\/kabiriafilms.es\/en\/kabiria\/","og_site_name":"KABIRIA Films","article_modified_time":"2025-06-11T15:30:33+00:00","og_image":[{"width":750,"height":1028,"url":"https:\/\/kabiriafilms.es\/wp-content\/uploads\/2025\/05\/kabiria-01.jpg","type":"image\/jpeg"}],"twitter_card":"summary_large_image","twitter_misc":{"Estimated reading time":"2 minutes"},"schema":{"@context":"https:\/\/schema.org","@graph":[{"@type":"WebPage","@id":"https:\/\/kabiriafilms.es\/kabiria\/","url":"https:\/\/kabiriafilms.es\/kabiria\/","name":"Kabiria - KABIRIA Films","isPartOf":{"@id":"https:\/\/kabiriafilms.es\/#website"},"primaryImageOfPage":{"@id":"https:\/\/kabiriafilms.es\/kabiria\/#primaryimage"},"image":{"@id":"https:\/\/kabiriafilms.es\/kabiria\/#primaryimage"},"thumbnailUrl":"https:\/\/kabiriafilms.es\/wp-content\/uploads\/2025\/05\/kabiria-01.jpg","datePublished":"2025-05-05T17:44:47+00:00","dateModified":"2025-06-11T15:30:33+00:00","description":"Kabiria Films nace en 2018 de la uni\u00f3n de dos cineastas madrile\u00f1os, con una mirada propia al cine nacional con una nueva generaci\u00f3n de talentos y cine fresco.","breadcrumb":{"@id":"https:\/\/kabiriafilms.es\/kabiria\/#breadcrumb"},"inLanguage":"en-GB","potentialAction":[{"@type":"ReadAction","target":["https:\/\/kabiriafilms.es\/kabiria\/"]}]},{"@type":"ImageObject","inLanguage":"en-GB","@id":"https:\/\/kabiriafilms.es\/kabiria\/#primaryimage","url":"https:\/\/kabiriafilms.es\/wp-content\/uploads\/2025\/05\/kabiria-01.jpg","contentUrl":"https:\/\/kabiriafilms.es\/wp-content\/uploads\/2025\/05\/kabiria-01.jpg","width":750,"height":1028,"caption":"KABIRIA Films"},{"@type":"BreadcrumbList","@id":"https:\/\/kabiriafilms.es\/kabiria\/#breadcrumb","itemListElement":[{"@type":"ListItem","position":1,"name":"Portada","item":"https:\/\/kabiriafilms.es\/"},{"@type":"ListItem","position":2,"name":"Kabiria"}]},{"@type":"WebSite","@id":"https:\/\/kabiriafilms.es\/#website","url":"https:\/\/kabiriafilms.es\/","name":"KABIRIA Films","description":"","potentialAction":[{"@type":"SearchAction","target":{"@type":"EntryPoint","urlTemplate":"https:\/\/kabiriafilms.es\/?s={search_term_string}"},"query-input":{"@type":"PropertyValueSpecification","valueRequired":true,"valueName":"search_term_string"}}],"inLanguage":"en-GB"}]}},"_links":{"self":[{"href":"https:\/\/kabiriafilms.es\/en\/wp-json\/wp\/v2\/pages\/11617","targetHints":{"allow":["GET"]}}],"collection":[{"href":"https:\/\/kabiriafilms.es\/en\/wp-json\/wp\/v2\/pages"}],"about":[{"href":"https:\/\/kabiriafilms.es\/en\/wp-json\/wp\/v2\/types\/page"}],"author":[{"embeddable":true,"href":"https:\/\/kabiriafilms.es\/en\/wp-json\/wp\/v2\/users\/1"}],"replies":[{"embeddable":true,"href":"https:\/\/kabiriafilms.es\/en\/wp-json\/wp\/v2\/comments?post=11617"}],"version-history":[{"count":0,"href":"https:\/\/kabiriafilms.es\/en\/wp-json\/wp\/v2\/pages\/11617\/revisions"}],"wp:featuredmedia":[{"embeddable":true,"href":"https:\/\/kabiriafilms.es\/en\/wp-json\/wp\/v2\/media\/12551"}],"wp:attachment":[{"href":"https:\/\/kabiriafilms.es\/en\/wp-json\/wp\/v2\/media?parent=11617"}],"curies":[{"name":"wp","href":"https:\/\/api.w.org\/{rel}","templated":true}]}}