{"id":12207,"date":"2025-05-09T20:32:41","date_gmt":"2025-05-09T18:32:41","guid":{"rendered":"https:\/\/kabiriafilms.es\/?page_id=12207"},"modified":"2025-08-20T12:52:11","modified_gmt":"2025-08-20T10:52:11","slug":"inicio","status":"publish","type":"page","link":"https:\/\/kabiriafilms.es\/en\/","title":{"rendered":"Inicio"},"content":{"rendered":"<div data-elementor-type=\"wp-page\" data-elementor-id=\"12207\" class=\"elementor elementor-12207\">\n\t\t\t\t<div class=\"elementor-element elementor-element-137ef081 e-con-full e-flex mk-enable-fade-animation-none mk-sticky-column-false mk-sticky-column-disable-tablet e-con e-parent\" data-id=\"137ef081\" data-element_type=\"container\" data-settings=\"{&quot;mk-animation-effect&quot;:&quot;none&quot;,&quot;mk_ext_is_sticky&quot;:&quot;false&quot;}\">\n\t\t\t\t<div class=\"elementor-element elementor-element-758dbe mk-enable-fade-animation-none elementor-widget elementor-widget-mk_tabs_slider\" data-id=\"758dbe\" data-element_type=\"widget\" data-settings=\"{&quot;mk-animation-effect&quot;:&quot;none&quot;,&quot;mk_ext_is_infinite&quot;:&quot;false&quot;,&quot;mk_ext_is_scrollme&quot;:&quot;false&quot;}\" data-widget_type=\"mk_tabs_slider.default\">\n\t\t\t\t<div class=\"elementor-widget-container\">\n\t\t\t\t\t<div class=\"mk-tabs-slider-holder\">\n                <div class=\"mk-tabs-slider swm-swiper-container swm-ts-effect-slide  mk-col-num--1\" data-options=\"{&quot;direction&quot;:&quot;horizontal&quot;,&quot;mouseWheel&quot;:false,&quot;hoverPause&quot;:false,&quot;slidesPerView&quot;:1,&quot;slidesPerViewTablet&quot;:1,&quot;slidesPerViewMobile&quot;:1,&quot;spaceBetween&quot;:0,&quot;spaceBetweenTablet&quot;:0,&quot;spaceBetweenMobile&quot;:0,&quot;slideAnimation&quot;:&quot;slide&quot;,&quot;loop&quot;:true,&quot;autoplay&quot;:true,&quot;centeredSlides&quot;:false,&quot;speed&quot;:6500,&quot;speedAnimation&quot;:1500,&quot;unique&quot;:&quot;758dbe&quot;,&quot;data_id&quot;:&quot;758dbe&quot;,&quot;outsideNavigation&quot;:&quot;yes&quot;,&quot;outsidePagination&quot;:&quot;yes&quot;}\" data-tabimage=\"{&quot;1&quot;:&quot;https:\\\/\\\/kabiriafilms.es\\\/wp-content\\\/uploads\\\/2025\\\/05\\\/UCELP-frame-01.jpg&quot;,&quot;2&quot;:&quot;https:\\\/\\\/kabiriafilms.es\\\/wp-content\\\/uploads\\\/2025\\\/05\\\/aspirante-01.jpg&quot;,&quot;3&quot;:&quot;https:\\\/\\\/kabiriafilms.es\\\/wp-content\\\/uploads\\\/2025\\\/05\\\/largo-viaje-01.jpg&quot;,&quot;4&quot;:&quot;https:\\\/\\\/kabiriafilms.es\\\/wp-content\\\/uploads\\\/2025\\\/05\\\/es-mejor-asi-01.jpg&quot;,&quot;5&quot;:&quot;https:\\\/\\\/kabiriafilms.es\\\/wp-content\\\/uploads\\\/2025\\\/05\\\/eaa-01.jpg&quot;}\" data-cursortext=\"\" id=\"swiper-758dbe\">\n                    <div class=\"swiper-wrapper\"><div class=\"mk-swiper-item swiper-slide\">\n                    <div class=\"slide-inner\">\n                        <a class=\"mk-tabs-slider-item-link\" href=\"https:\/\/kabiriafilms.es\/en\/portfolio-item\/una-cabeza-en-la-pared-2\/\" alt=\"Una cabeza en la pared\"><\/a>\n                        <div class=\"mk-tabs-slider-content\"><h4 class=\"mk-tabs-slider-title swm-hide-none\"><a href=\"https:\/\/kabiriafilms.es\/en\/portfolio-item\/una-cabeza-en-la-pared-2\/\" alt=\"Una cabeza en la pared\">Una cabeza en la pared<br><small class=\"director\">Manuel Manrique<\/small><\/a><\/h4><\/div>\n                        <div class=\"mk-tabs-slider-img\" data-swiper-parallax-x=\"50%\" style=\"background-image:url(https:\/\/kabiriafilms.es\/wp-content\/uploads\/2025\/05\/UCELP-frame-01.jpg);\"><\/div>\n                    <\/div>\n                <\/div><div class=\"mk-swiper-item swiper-slide\">\n                    <div class=\"slide-inner\">\n                        <a class=\"mk-tabs-slider-item-link\" href=\"https:\/\/kabiriafilms.es\/en\/portfolio-item\/el-aspirante\/\" alt=\"El aspirante\"><\/a>\n                        <div class=\"mk-tabs-slider-content\"><h4 class=\"mk-tabs-slider-title swm-hide-none\"><a href=\"https:\/\/kabiriafilms.es\/en\/portfolio-item\/el-aspirante\/\" alt=\"El aspirante\">El aspirante<br><small class=\"director\">Juan Gautier<\/small><\/a><\/h4><\/div>\n                        <div class=\"mk-tabs-slider-img\" data-swiper-parallax-x=\"50%\" style=\"background-image:url(https:\/\/kabiriafilms.es\/wp-content\/uploads\/2025\/05\/aspirante-01.jpg);\"><\/div>\n                    <\/div>\n                <\/div><div class=\"mk-swiper-item swiper-slide\">\n                    <div class=\"slide-inner\">\n                        <a class=\"mk-tabs-slider-item-link\" href=\"https:\/\/kabiriafilms.es\/en\/portfolio-item\/largo-viaje\/\" alt=\"Largo viaje\"><\/a>\n                        <div class=\"mk-tabs-slider-content\"><h4 class=\"mk-tabs-slider-title swm-hide-none\"><a href=\"https:\/\/kabiriafilms.es\/en\/portfolio-item\/largo-viaje\/\" alt=\"Largo viaje\">Largo viaje<br><small class=\"director\">H\u00e9ctor Herce<\/small><\/a><\/h4><\/div>\n                        <div class=\"mk-tabs-slider-img\" data-swiper-parallax-x=\"50%\" style=\"background-image:url(https:\/\/kabiriafilms.es\/wp-content\/uploads\/2025\/05\/largo-viaje-01.jpg);\"><\/div>\n                    <\/div>\n                <\/div><div class=\"mk-swiper-item swiper-slide\">\n                    <div class=\"slide-inner\">\n                        <a class=\"mk-tabs-slider-item-link\" href=\"https:\/\/kabiriafilms.es\/en\/portfolio-item\/es-mejor-asi\/\" alt=\"Es mejor as\u00ed\"><\/a>\n                        <div class=\"mk-tabs-slider-content\"><h4 class=\"mk-tabs-slider-title swm-hide-none\"><a href=\"https:\/\/kabiriafilms.es\/en\/portfolio-item\/es-mejor-asi\/\" alt=\"Es mejor as\u00ed\">Es mejor as\u00ed<br><small class=\"director\">Diego Saniz<\/small><\/a><\/h4><\/div>\n                        <div class=\"mk-tabs-slider-img\" data-swiper-parallax-x=\"50%\" style=\"background-image:url(https:\/\/kabiriafilms.es\/wp-content\/uploads\/2025\/05\/es-mejor-asi-01.jpg);\"><\/div>\n                    <\/div>\n                <\/div><div class=\"mk-swiper-item swiper-slide\">\n                    <div class=\"slide-inner\">\n                        <a class=\"mk-tabs-slider-item-link\" href=\"https:\/\/kabiriafilms.es\/en\/portfolio-item\/el-amor-amenazado\/\" alt=\"El amor amenazado\"><\/a>\n                        <div class=\"mk-tabs-slider-content\"><h4 class=\"mk-tabs-slider-title swm-hide-none\"><a href=\"https:\/\/kabiriafilms.es\/en\/portfolio-item\/el-amor-amenazado\/\" alt=\"El amor amenazado\">El amor amenazado<br><small class=\"director\">H\u00e9ctor Herce<\/small><\/a><\/h4><\/div>\n                        <div class=\"mk-tabs-slider-img\" data-swiper-parallax-x=\"50%\" style=\"background-image:url(https:\/\/kabiriafilms.es\/wp-content\/uploads\/2025\/05\/eaa-01.jpg);\"><\/div>\n                    <\/div>\n                <\/div><\/div>\n                <\/div>\n                <span class=\"mk-slider-prev mk-slider-pn swiper-button-prev-758dbe swm-hide-mobile\"><svg class=\"swm-svg--arrow swm-svg-bs-slider-arrow\" enable-background=\"new 0 0 32 32\" height=\"512\" viewbox=\"0 0 32 32\" width=\"512\" xmlns=\"http:\/\/www.w3.org\/2000\/svg\"><path d=\"m3 17.5h22.379l-10.44 10.439c-.586.585-.586 1.536 0 2.121.293.294.677.44 1.061.44s.768-.146 1.061-.439l13-13c.586-.585.586-1.536 0-2.121l-13-13c-.586-.586-1.535-.586-2.121 0-.586.585-.586 1.536 0 2.121l10.439 10.439h-22.379c-.828 0-1.5.671-1.5 1.5s.672 1.5 1.5 1.5z\"\/><\/svg><\/span><span class=\"mk-slider-next mk-slider-pn swiper-button-next-758dbe swm-hide-mobile\"><svg class=\"swm-svg--arrow swm-svg-bs-slider-arrow\" enable-background=\"new 0 0 32 32\" height=\"512\" viewbox=\"0 0 32 32\" width=\"512\" xmlns=\"http:\/\/www.w3.org\/2000\/svg\"><path d=\"m3 17.5h22.379l-10.44 10.439c-.586.585-.586 1.536 0 2.121.293.294.677.44 1.061.44s.768-.146 1.061-.439l13-13c.586-.585.586-1.536 0-2.121l-13-13c-.586-.586-1.535-.586-2.121 0-.586.585-.586 1.536 0 2.121l10.439 10.439h-22.379c-.828 0-1.5.671-1.5 1.5s.672 1.5 1.5 1.5z\"\/><\/svg><\/span>\n            <\/div>\t\t\t\t<\/div>\n\t\t\t\t<\/div>\n\t\t\t\t<\/div>\n\t\t\t\t<\/div>","protected":false},"excerpt":{"rendered":"<p>Una cabeza en la paredManuel Manrique El aspiranteJuan Gautier Largo viajeH\u00e9ctor Herce Es mejor as\u00edDiego Saniz El amor amenazadoH\u00e9ctor Herce<\/p>","protected":false},"author":1,"featured_media":12551,"parent":0,"menu_order":0,"comment_status":"closed","ping_status":"closed","template":"elementor_header_footer","meta":{"inline_featured_image":false,"footnotes":""},"class_list":["post-12207","page","type-page","status-publish","has-post-thumbnail","hentry"],"yoast_head":"<!-- This site is optimized with the Yoast SEO plugin v25.0 - https:\/\/yoast.com\/wordpress\/plugins\/seo\/ -->\n<title>KABIRIA Films - Productora audiovisual<\/title>\n<meta name=\"description\" content=\"Productora audiovisual madrile\u00f1a, en Kabiria Films impulsamos el cine independiente con obras premiadas y nuevas voces del cine.\" \/>\n<meta name=\"robots\" content=\"index, follow, max-snippet:-1, max-image-preview:large, max-video-preview:-1\" \/>\n<link rel=\"canonical\" href=\"https:\/\/kabiriafilms.es\/en\/\" \/>\n<meta property=\"og:locale\" content=\"en_GB\" \/>\n<meta property=\"og:type\" content=\"article\" \/>\n<meta property=\"og:title\" content=\"KABIRIA Films - Productora audiovisual\" \/>\n<meta property=\"og:description\" content=\"Productora audiovisual madrile\u00f1a, en Kabiria Films impulsamos el cine independiente con obras premiadas y nuevas voces del cine.\" \/>\n<meta property=\"og:url\" content=\"https:\/\/kabiriafilms.es\/en\/\" \/>\n<meta property=\"og:site_name\" content=\"KABIRIA Films\" \/>\n<meta property=\"article:modified_time\" content=\"2025-08-20T10:52:11+00:00\" \/>\n<meta property=\"og:image\" content=\"https:\/\/kabiriafilms.es\/wp-content\/uploads\/2025\/05\/kabiria-01.jpg\" \/>\n\t<meta property=\"og:image:width\" content=\"750\" \/>\n\t<meta property=\"og:image:height\" content=\"1028\" \/>\n\t<meta property=\"og:image:type\" content=\"image\/jpeg\" \/>\n<meta name=\"twitter:card\" content=\"summary_large_image\" \/>\n<meta name=\"twitter:label1\" content=\"Estimated reading time\" \/>\n\t<meta name=\"twitter:data1\" content=\"1 minute\" \/>\n<script type=\"application\/ld+json\" class=\"yoast-schema-graph\">{\"@context\":\"https:\/\/schema.org\",\"@graph\":[{\"@type\":\"WebPage\",\"@id\":\"https:\/\/kabiriafilms.es\/\",\"url\":\"https:\/\/kabiriafilms.es\/\",\"name\":\"KABIRIA Films - Productora audiovisual\",\"isPartOf\":{\"@id\":\"https:\/\/kabiriafilms.es\/#website\"},\"primaryImageOfPage\":{\"@id\":\"https:\/\/kabiriafilms.es\/#primaryimage\"},\"image\":{\"@id\":\"https:\/\/kabiriafilms.es\/#primaryimage\"},\"thumbnailUrl\":\"https:\/\/kabiriafilms.es\/wp-content\/uploads\/2025\/05\/kabiria-01.jpg\",\"datePublished\":\"2025-05-09T18:32:41+00:00\",\"dateModified\":\"2025-08-20T10:52:11+00:00\",\"description\":\"Productora audiovisual madrile\u00f1a, en Kabiria Films impulsamos el cine independiente con obras premiadas y nuevas voces del cine.\",\"breadcrumb\":{\"@id\":\"https:\/\/kabiriafilms.es\/#breadcrumb\"},\"inLanguage\":\"en-GB\",\"potentialAction\":[{\"@type\":\"ReadAction\",\"target\":[\"https:\/\/kabiriafilms.es\/\"]}]},{\"@type\":\"ImageObject\",\"inLanguage\":\"en-GB\",\"@id\":\"https:\/\/kabiriafilms.es\/#primaryimage\",\"url\":\"https:\/\/kabiriafilms.es\/wp-content\/uploads\/2025\/05\/kabiria-01.jpg\",\"contentUrl\":\"https:\/\/kabiriafilms.es\/wp-content\/uploads\/2025\/05\/kabiria-01.jpg\",\"width\":750,\"height\":1028,\"caption\":\"KABIRIA Films\"},{\"@type\":\"BreadcrumbList\",\"@id\":\"https:\/\/kabiriafilms.es\/#breadcrumb\",\"itemListElement\":[{\"@type\":\"ListItem\",\"position\":1,\"name\":\"Portada\",\"item\":\"https:\/\/kabiriafilms.es\/\"},{\"@type\":\"ListItem\",\"position\":2,\"name\":\"Inicio\"}]},{\"@type\":\"WebSite\",\"@id\":\"https:\/\/kabiriafilms.es\/#website\",\"url\":\"https:\/\/kabiriafilms.es\/\",\"name\":\"KABIRIA Films\",\"description\":\"\",\"potentialAction\":[{\"@type\":\"SearchAction\",\"target\":{\"@type\":\"EntryPoint\",\"urlTemplate\":\"https:\/\/kabiriafilms.es\/?s={search_term_string}\"},\"query-input\":{\"@type\":\"PropertyValueSpecification\",\"valueRequired\":true,\"valueName\":\"search_term_string\"}}],\"inLanguage\":\"en-GB\"}]}<\/script>\n<!-- \/ Yoast SEO plugin. -->","yoast_head_json":{"title":"KABIRIA Films - Productora audiovisual","description":"Productora audiovisual madrile\u00f1a, en Kabiria Films impulsamos el cine independiente con obras premiadas y nuevas voces del cine.","robots":{"index":"index","follow":"follow","max-snippet":"max-snippet:-1","max-image-preview":"max-image-preview:large","max-video-preview":"max-video-preview:-1"},"canonical":"https:\/\/kabiriafilms.es\/en\/","og_locale":"en_GB","og_type":"article","og_title":"KABIRIA Films - Productora audiovisual","og_description":"Productora audiovisual madrile\u00f1a, en Kabiria Films impulsamos el cine independiente con obras premiadas y nuevas voces del cine.","og_url":"https:\/\/kabiriafilms.es\/en\/","og_site_name":"KABIRIA Films","article_modified_time":"2025-08-20T10:52:11+00:00","og_image":[{"width":750,"height":1028,"url":"https:\/\/kabiriafilms.es\/wp-content\/uploads\/2025\/05\/kabiria-01.jpg","type":"image\/jpeg"}],"twitter_card":"summary_large_image","twitter_misc":{"Estimated reading time":"1 minute"},"schema":{"@context":"https:\/\/schema.org","@graph":[{"@type":"WebPage","@id":"https:\/\/kabiriafilms.es\/","url":"https:\/\/kabiriafilms.es\/","name":"KABIRIA Films - Productora audiovisual","isPartOf":{"@id":"https:\/\/kabiriafilms.es\/#website"},"primaryImageOfPage":{"@id":"https:\/\/kabiriafilms.es\/#primaryimage"},"image":{"@id":"https:\/\/kabiriafilms.es\/#primaryimage"},"thumbnailUrl":"https:\/\/kabiriafilms.es\/wp-content\/uploads\/2025\/05\/kabiria-01.jpg","datePublished":"2025-05-09T18:32:41+00:00","dateModified":"2025-08-20T10:52:11+00:00","description":"Productora audiovisual madrile\u00f1a, en Kabiria Films impulsamos el cine independiente con obras premiadas y nuevas voces del cine.","breadcrumb":{"@id":"https:\/\/kabiriafilms.es\/#breadcrumb"},"inLanguage":"en-GB","potentialAction":[{"@type":"ReadAction","target":["https:\/\/kabiriafilms.es\/"]}]},{"@type":"ImageObject","inLanguage":"en-GB","@id":"https:\/\/kabiriafilms.es\/#primaryimage","url":"https:\/\/kabiriafilms.es\/wp-content\/uploads\/2025\/05\/kabiria-01.jpg","contentUrl":"https:\/\/kabiriafilms.es\/wp-content\/uploads\/2025\/05\/kabiria-01.jpg","width":750,"height":1028,"caption":"KABIRIA Films"},{"@type":"BreadcrumbList","@id":"https:\/\/kabiriafilms.es\/#breadcrumb","itemListElement":[{"@type":"ListItem","position":1,"name":"Portada","item":"https:\/\/kabiriafilms.es\/"},{"@type":"ListItem","position":2,"name":"Inicio"}]},{"@type":"WebSite","@id":"https:\/\/kabiriafilms.es\/#website","url":"https:\/\/kabiriafilms.es\/","name":"KABIRIA Films","description":"","potentialAction":[{"@type":"SearchAction","target":{"@type":"EntryPoint","urlTemplate":"https:\/\/kabiriafilms.es\/?s={search_term_string}"},"query-input":{"@type":"PropertyValueSpecification","valueRequired":true,"valueName":"search_term_string"}}],"inLanguage":"en-GB"}]}},"_links":{"self":[{"href":"https:\/\/kabiriafilms.es\/en\/wp-json\/wp\/v2\/pages\/12207","targetHints":{"allow":["GET"]}}],"collection":[{"href":"https:\/\/kabiriafilms.es\/en\/wp-json\/wp\/v2\/pages"}],"about":[{"href":"https:\/\/kabiriafilms.es\/en\/wp-json\/wp\/v2\/types\/page"}],"author":[{"embeddable":true,"href":"https:\/\/kabiriafilms.es\/en\/wp-json\/wp\/v2\/users\/1"}],"replies":[{"embeddable":true,"href":"https:\/\/kabiriafilms.es\/en\/wp-json\/wp\/v2\/comments?post=12207"}],"version-history":[{"count":0,"href":"https:\/\/kabiriafilms.es\/en\/wp-json\/wp\/v2\/pages\/12207\/revisions"}],"wp:featuredmedia":[{"embeddable":true,"href":"https:\/\/kabiriafilms.es\/en\/wp-json\/wp\/v2\/media\/12551"}],"wp:attachment":[{"href":"https:\/\/kabiriafilms.es\/en\/wp-json\/wp\/v2\/media?parent=12207"}],"curies":[{"name":"wp","href":"https:\/\/api.w.org\/{rel}","templated":true}]}}