{"id":12662,"date":"2025-05-14T17:11:13","date_gmt":"2025-05-14T15:11:13","guid":{"rendered":"https:\/\/kabiriafilms.es\/?page_id=12662"},"modified":"2025-05-14T17:15:32","modified_gmt":"2025-05-14T15:15:32","slug":"aviso-legal","status":"publish","type":"page","link":"https:\/\/kabiriafilms.es\/en\/aviso-legal\/","title":{"rendered":"Aviso Legal"},"content":{"rendered":"<div data-elementor-type=\"wp-page\" data-elementor-id=\"12662\" class=\"elementor elementor-12662\">\n\t\t\t\t<div class=\"elementor-element elementor-element-20d8e062 e-flex e-con-boxed mk-enable-fade-animation-none mk-sticky-column-false mk-sticky-column-disable-tablet e-con e-parent\" data-id=\"20d8e062\" data-element_type=\"container\" data-settings=\"{&quot;mk-animation-effect&quot;:&quot;none&quot;,&quot;mk_ext_is_sticky&quot;:&quot;false&quot;}\">\n\t\t\t\t\t<div class=\"e-con-inner\">\n\t\t\t\t<div class=\"elementor-element elementor-element-3eb58788 mk-enable-fade-animation-none elementor-widget elementor-widget-text-editor\" data-id=\"3eb58788\" data-element_type=\"widget\" data-settings=\"{&quot;mk-animation-effect&quot;:&quot;none&quot;,&quot;mk_ext_is_infinite&quot;:&quot;false&quot;,&quot;mk_ext_is_scrollme&quot;:&quot;false&quot;}\" data-widget_type=\"text-editor.default\">\n\t\t\t\t<div class=\"elementor-widget-container\">\n\t\t\t\t\t\t\t\t\t<p><strong>AVISO LEGAL<\/strong><\/p><p>KABIRIA FILMS, S.L. se reserva el derecho de modificar cualquier tipo de informaci\u00f3n que pudiera aparecer en el sitio web, sin que exista obligaci\u00f3n de preavisar o poner en conocimiento de los usuarios dichas obligaciones, entendi\u00e9ndose como suficiente con la publicaci\u00f3n en el sitio web de KABIRIA FILMS, S.L.<\/p><p>En cumplimiento del art\u00edculo 10 de la Ley 34\/2002, de 11 de julio, de Servicios de la Sociedad de la Informaci\u00f3n y Comercio Electr\u00f3nico, a continuaci\u00f3n, se exponen los datos identificativos de la empresa propietaria del dominio www.kabiriafilms.es:<\/p><p><strong> 1. Datos identificativos<\/strong><\/p><p>\u2013 Nombre de dominio: www.kabiriafilms.es<br \/>\u2013 CIF: B88001896<br \/>\u2013 Domicilio social: C\/QUESADA, 6. LOCAL IZQ &#8211; 28010 MADRID.<br \/>\u2013 E-mail: produccion@kabiriafilms.es<\/p><p><strong> 2. Derechos de propiedad intelectual e industrial<\/strong><\/p><p>El sitio web, incluyendo a t\u00edtulo enunciativo pero no limitativo su programaci\u00f3n, edici\u00f3n, compilaci\u00f3n y dem\u00e1s elementos necesarios para su funcionamiento, los dise\u00f1os, logotipos, texto y\/o gr\u00e1ficos, son propiedad del responsable o, si es el caso, dispone de licencia o autorizaci\u00f3n expresa por parte de los autores.<\/p><p>Todos los contenidos del sitio web se encuentran debidamente protegidos por la normativa de propiedad intelectual e industrial, as\u00ed como inscritos en los registros p\u00fablicos correspondientes. Independientemente de la finalidad para la que fueran destinados, la reproducci\u00f3n total o parcial, uso, explotaci\u00f3n, distribuci\u00f3n y comercializaci\u00f3n, requiere en todo caso de la autorizaci\u00f3n escrita previa por parte del responsable. Cualquier uso no autorizado previamente se considera un incumplimiento grave de los derechos de propiedad intelectual o industrial del autor. Los dise\u00f1os, logotipos, texto y\/o gr\u00e1ficos ajenos al responsable y que pudieran aparecer en el sitio web, pertenecen a sus respectivos propietarios, siendo ellos mismos responsables de cualquier posible controversia que pudiera suscitarse respecto a los mismos. El responsable autoriza expresamente a que terceros puedan redirigir directamente a los contenidos concretos del sitio web, y en todo caso redirigir al sitio web principal de www.kabiriafilms.es.<\/p><p>El responsable reconoce a favor de sus titulares los correspondientes derechos de propiedad intelectual e industrial, no implicando su sola menci\u00f3n o aparici\u00f3n en el sitio web la existencia de derechos o responsabilidad alguna sobre los mismos, como tampoco respaldo, patrocinio o recomendaci\u00f3n por parte del mismo.<\/p><p>Para realizar cualquier tipo de observaci\u00f3n respecto a posibles incumplimientos de los derechos de propiedad intelectual o industrial, as\u00ed como sobre cualquiera de los contenidos del sitio web, puede hacerlo a trav\u00e9s del correo electr\u00f3nico produccion@kabiriafilms.es o a la siguiente direcci\u00f3n postal: C\/QUESADA, 6. LOCAL IZQ &#8211; 28010 MADRID.<\/p><p><strong> 3. Navegaci\u00f3n, acceso y seguridad<\/strong><\/p><p>El acceso, navegaci\u00f3n y utilizaci\u00f3n de esta p\u00e1gina web implica por tu parte la aceptaci\u00f3n expresa y sin reservas de todos los t\u00e9rminos de la presente Pol\u00edtica de Privacidad y Protecci\u00f3n de datos, teniendo la misma validez y eficacia que cualquier contrato celebrado por escrito y firmado. En este sentido, se entender\u00e1 por Usuario a la persona que acceda, navegue, utilice o participe en los servicios y actividades, gratuitas u onerosas, desarrolladas en el Sitio Web.<\/p><p>El acceso, navegaci\u00f3n y utilizaci\u00f3n de este Sitio web supone la aceptaci\u00f3n expresa y sin reservas de todas las advertencias legales, condiciones y t\u00e9rminos de uso contenidas en el presente Pol\u00edtica de Privacidad y Protecci\u00f3n de datos. KABIRIA FILMS, S.L. realiza los m\u00e1ximos esfuerzos para que la navegaci\u00f3n se realice en las mejores condiciones y evitar los perjuicios de cualquier tipo que pudiesen ocasionarse durante la misma. KABIRIA FILMS, S.L. no se responsabiliza ni garantiza que el acceso a este Sitio web sea ininterrumpido o que est\u00e9 libre de error. Tampoco se responsabiliza o garantiza que el contenido o software al que pueda accederse a trav\u00e9s de este Sitio web, est\u00e9 libre de error o cause un da\u00f1o. En ning\u00fan caso KABIRIA FILMS, S.L. ser\u00e1 responsable por las p\u00e9rdidas, da\u00f1os o perjuicios de cualquier tipo que surjan por el acceso y el uso de la p\u00e1gina Web, incluy\u00e9ndose pero no limit\u00e1ndose, a los ocasionados a los sistemas inform\u00e1ticos o los provocados por la introducci\u00f3n de virus, ni se hace responsable de los da\u00f1os que pudiesen ocasionarse a los usuarios por un uso inadecuado de este Sitio web. Los servicios ofertados en este Sitio web s\u00f3lo pueden ser utilizados correctamente si se cumplen las especificaciones t\u00e9cnicas para las que ha sido dise\u00f1ado.<\/p><p>\u00a0Queda prohibido el acceso a este Sitio Web por parte de menores de 14 a\u00f1os, salvo que cuenten con la autorizaci\u00f3n previa y expresa de sus padres, tutores o representantes legales, los cuales ser\u00e1n considerados como responsables de los actos que lleven a cabo los menores a su cargo, conforme a la normativa vigente. En todo caso, se presumir\u00e1 que el acceso realizado por un menor al Sitio Web se ha realizado con autorizaci\u00f3n previa y expresa de sus padres, tutores o representantes legales.<\/p><p><strong> 4. Exenci\u00f3n de responsabilidades el responsable<\/strong><\/p><p>Se exime de cualquier tipo de responsabilidad derivada de la informaci\u00f3n publicada en su sitio web siempre que esta informaci\u00f3n haya sido manipulada o introducida por un tercero ajeno al mismo. Pol\u00edtica de enlaces desde el sitio web, es posible que se redirija a contenidos de terceros sitios web. Dado que el responsable no puede controlar siempre los contenidos introducidos por los terceros en sus respectivos sitios web, no asume ning\u00fan tipo de responsabilidad respecto a dichos contenidos. En todo caso, proceder\u00e1 a la retirada inmediata de cualquier contenido que pudiera contravenir la legislaci\u00f3n nacional o internacional, la moral o el orden p\u00fablico, procediendo a la retirada inmediata de la redirecci\u00f3n a dicho sitio web, poniendo en conocimiento de las autoridades competentes el contenido en cuesti\u00f3n. El responsable no se hace responsable de la informaci\u00f3n y contenidos almacenados, a t\u00edtulo enunciativo pero no limitativo, en foros, chats, generadores de blogs, comentarios, redes sociales o cualquier otro medio que permita a terceros publicar contenidos de forma independiente en la p\u00e1gina web del responsable. Sin embargo, y en cumplimiento de lo dispuesto en los art\u00edculos 11 y 16 de la LSSICE, se pone a disposici\u00f3n de todos los usuarios, autoridades y fuerzas de seguridad, colaborando de forma activa en la retirada o, en su caso, bloqueo de todos aquellos contenidos que puedan afectar o contravenir la legislaci\u00f3n nacional o internacional, los derechos de terceros o la moral y el orden p\u00fablico. En caso de que el usuario considere que existe en el sitio web alg\u00fan contenido que pudiera ser susceptible de esta clasificaci\u00f3n, se ruega lo notifique de forma inmediata al administrador del sitio web. Este sitio web ha sido revisado y probado para que funcione correctamente. En principio, puede garantizarse el correcto funcionamiento los 365 d\u00edas del a\u00f1o, 24 horas al d\u00eda. Sin embargo, el responsable no descarta la posibilidad de que existan ciertos errores de programaci\u00f3n, o que acontezcan causas de fuerza mayor, cat\u00e1strofes naturales, huelgas o circunstancias semejantes que hagan imposible el acceso a la p\u00e1gina web.<\/p><p><strong> 5. Condiciones adicionales<\/strong><\/p><p>El usuario que introduce los datos, es el responsable \u00fanico y final de la veracidad de la informaci\u00f3n suministrada en el servicio y en las modificaciones de los mismos que pueda realizar hasta la finalizaci\u00f3n del mismo.<\/p><p><strong> 6. Actualizaci\u00f3n y modificaci\u00f3n de la informaci\u00f3n<\/strong><\/p><p>La informaci\u00f3n que aparece en este sitio web es la vigente en la fecha de su \u00faltima actualizaci\u00f3n. KABIRIA FILMS, S.L. se reserva el derecho a actualizar, modificar o eliminar la informaci\u00f3n de este sitio web, pudiendo limitar o no permitir el acceso al mismo. No se podr\u00e1 alterar, cambiar, modificar, o adaptar este sitio web. Sin embargo, KABIRIA FILMS, S.L. se reserva la facultad de efectuar, en cualquier momento, cuantos cambios y modificaciones estime convenientes, pudiendo hacer uso de tal facultad en cualquier momento y sin previo aviso.<\/p><p><strong> 7. Ley aplicable y jurisdicci\u00f3n<\/strong><\/p><p>Las presentes Condiciones se regir\u00e1n e interpretar\u00e1n de acuerdo con la legislaci\u00f3n com\u00fan espa\u00f1ola. Para cuantas cuestiones pudieran surgir sobre la interpretaci\u00f3n, cumplimiento, rescisi\u00f3n o resoluci\u00f3n de las Condiciones Generales, las Partes se someten a la jurisdicci\u00f3n y competencia de los Juzgados y Tribunales de la ciudad de <strong>Madrid<\/strong>. No obstante lo anterior, de conformidad con la legislaci\u00f3n espa\u00f1ola, para cuantas cuestiones pudieran surgir en relaci\u00f3n con estas Condiciones Generales ser\u00e1n competentes los juzgados y tribunales del domicilio que resulte de aplicaci\u00f3n, de conformidad con el art\u00edculo 52 de la Ley de Enjuiciamiento Civil o norma sustitutiva aplicable en cada momento.<\/p><p><strong> PROTECCI\u00d3N DE DATOS DE CAR\u00c1CTER PERSONAL<\/strong><strong>\u00a0<\/strong><\/p><table width=\"598\"><thead><tr><td colspan=\"2\" width=\"594\"><p><strong>INFORMACI\u00d3N B\u00c1SICA SOBRE LA POL\u00cdTICA DE PRIVACIDAD <\/strong><\/p><\/td><\/tr><\/thead><tbody><tr><td><p>Responsable<\/p><\/td><td width=\"504\"><p>KABIRIA FILMS, S.L.<\/p><\/td><\/tr><tr><td><p>Finalidad<\/p><\/td><td width=\"504\"><p>Prestar los servicios ofrecidos a trav\u00e9s de la web o atender otros tipos de relaciones que puedan surgir con KABIRIA FILMS, S.L. como consecuencia de las solicitudes, gestiones o tr\u00e1mites que el usuario realice mediante la web.<\/p><\/td><\/tr><tr><td><p>Legitimaci\u00f3n<\/p><\/td><td width=\"504\"><p>Consentimiento del interesado seg\u00fan lo dispuesto en el Reglamento (UE) 2016\/679 y la LOPDGDD 3\/2018.<\/p><\/td><\/tr><tr><td><p>Destinatarios<\/p><\/td><td width=\"504\"><p>Fichero interno automatizado de KABIRIA FILMS, S.L. y terceros para el desarrollo, mantenimiento y control de la relaci\u00f3n jur\u00eddica que se establezca cuando exista autorizaci\u00f3n legal por el usuario para hacerlo.<\/p><\/td><\/tr><tr><td><p>Derechos<\/p><\/td><td width=\"504\"><p>Acceso, rectificaci\u00f3n, cesi\u00f3n, oposici\u00f3n y derecho al olvido.<\/p><\/td><\/tr><tr><td><p>Informaci\u00f3n adicional<\/p><\/td><td width=\"504\"><p>Puede obtener toda la Informaci\u00f3n adicional y detallada que precise sobre el tratamiento y protecci\u00f3n de sus datos personales en el enlace a la <strong><a href=\"https:\/\/kabiriafilms.es\/en\/politica-de-privacidad\/\">Pol\u00edtica de Privacidad<\/a><\/strong><\/p><\/td><\/tr><\/tbody><\/table><p>Documento redactado y elaborado por <a href=\"https:\/\/www.protectionreport.com\">PROTECTION REPORT S, S.L.<\/a>, la cual se reserva las acciones legales que correspondan contra todo aquel que copie y utilice de forma ileg\u00edtima el contenido.<\/p>\t\t\t\t\t\t\t\t<\/div>\n\t\t\t\t<\/div>\n\t\t\t\t\t<\/div>\n\t\t\t\t<\/div>\n\t\t\t\t<\/div>","protected":false},"excerpt":{"rendered":"<p>AVISO LEGAL KABIRIA FILMS, S.L. se reserva el derecho de modificar cualquier tipo de informaci\u00f3n que pudiera aparecer en el sitio web, sin que exista obligaci\u00f3n de preavisar o poner en conocimiento de los usuarios dichas obligaciones, entendi\u00e9ndose como suficiente [&hellip;]<\/p>","protected":false},"author":1,"featured_media":0,"parent":0,"menu_order":0,"comment_status":"closed","ping_status":"closed","template":"","meta":{"inline_featured_image":false,"footnotes":""},"class_list":["post-12662","page","type-page","status-publish","hentry"],"yoast_head":"<!-- This site is optimized with the Yoast SEO plugin v25.0 - https:\/\/yoast.com\/wordpress\/plugins\/seo\/ -->\n<title>Aviso Legal - KABIRIA Films<\/title>\n<meta name=\"robots\" content=\"index, follow, max-snippet:-1, max-image-preview:large, max-video-preview:-1\" \/>\n<link rel=\"canonical\" href=\"https:\/\/kabiriafilms.es\/en\/aviso-legal\/\" \/>\n<meta property=\"og:locale\" content=\"en_GB\" \/>\n<meta property=\"og:type\" content=\"article\" \/>\n<meta property=\"og:title\" content=\"Aviso Legal - KABIRIA Films\" \/>\n<meta property=\"og:description\" content=\"AVISO LEGAL KABIRIA FILMS, S.L. se reserva el derecho de modificar cualquier tipo de informaci\u00f3n que pudiera aparecer en el sitio web, sin que exista obligaci\u00f3n de preavisar o poner en conocimiento de los usuarios dichas obligaciones, entendi\u00e9ndose como suficiente [&hellip;]\" \/>\n<meta property=\"og:url\" content=\"https:\/\/kabiriafilms.es\/en\/aviso-legal\/\" \/>\n<meta property=\"og:site_name\" content=\"KABIRIA Films\" \/>\n<meta property=\"article:modified_time\" content=\"2025-05-14T15:15:32+00:00\" \/>\n<meta name=\"twitter:card\" content=\"summary_large_image\" \/>\n<meta name=\"twitter:label1\" content=\"Estimated reading time\" \/>\n\t<meta name=\"twitter:data1\" content=\"8 minutes\" \/>\n<script type=\"application\/ld+json\" class=\"yoast-schema-graph\">{\"@context\":\"https:\/\/schema.org\",\"@graph\":[{\"@type\":\"WebPage\",\"@id\":\"https:\/\/kabiriafilms.es\/aviso-legal\/\",\"url\":\"https:\/\/kabiriafilms.es\/aviso-legal\/\",\"name\":\"Aviso Legal - KABIRIA Films\",\"isPartOf\":{\"@id\":\"https:\/\/kabiriafilms.es\/#website\"},\"datePublished\":\"2025-05-14T15:11:13+00:00\",\"dateModified\":\"2025-05-14T15:15:32+00:00\",\"breadcrumb\":{\"@id\":\"https:\/\/kabiriafilms.es\/aviso-legal\/#breadcrumb\"},\"inLanguage\":\"en-GB\",\"potentialAction\":[{\"@type\":\"ReadAction\",\"target\":[\"https:\/\/kabiriafilms.es\/aviso-legal\/\"]}]},{\"@type\":\"BreadcrumbList\",\"@id\":\"https:\/\/kabiriafilms.es\/aviso-legal\/#breadcrumb\",\"itemListElement\":[{\"@type\":\"ListItem\",\"position\":1,\"name\":\"Portada\",\"item\":\"https:\/\/kabiriafilms.es\/\"},{\"@type\":\"ListItem\",\"position\":2,\"name\":\"Aviso Legal\"}]},{\"@type\":\"WebSite\",\"@id\":\"https:\/\/kabiriafilms.es\/#website\",\"url\":\"https:\/\/kabiriafilms.es\/\",\"name\":\"KABIRIA Films\",\"description\":\"\",\"potentialAction\":[{\"@type\":\"SearchAction\",\"target\":{\"@type\":\"EntryPoint\",\"urlTemplate\":\"https:\/\/kabiriafilms.es\/?s={search_term_string}\"},\"query-input\":{\"@type\":\"PropertyValueSpecification\",\"valueRequired\":true,\"valueName\":\"search_term_string\"}}],\"inLanguage\":\"en-GB\"}]}<\/script>\n<!-- \/ Yoast SEO plugin. -->","yoast_head_json":{"title":"Aviso Legal - KABIRIA Films","robots":{"index":"index","follow":"follow","max-snippet":"max-snippet:-1","max-image-preview":"max-image-preview:large","max-video-preview":"max-video-preview:-1"},"canonical":"https:\/\/kabiriafilms.es\/en\/aviso-legal\/","og_locale":"en_GB","og_type":"article","og_title":"Aviso Legal - KABIRIA Films","og_description":"AVISO LEGAL KABIRIA FILMS, S.L. se reserva el derecho de modificar cualquier tipo de informaci\u00f3n que pudiera aparecer en el sitio web, sin que exista obligaci\u00f3n de preavisar o poner en conocimiento de los usuarios dichas obligaciones, entendi\u00e9ndose como suficiente [&hellip;]","og_url":"https:\/\/kabiriafilms.es\/en\/aviso-legal\/","og_site_name":"KABIRIA Films","article_modified_time":"2025-05-14T15:15:32+00:00","twitter_card":"summary_large_image","twitter_misc":{"Estimated reading time":"8 minutes"},"schema":{"@context":"https:\/\/schema.org","@graph":[{"@type":"WebPage","@id":"https:\/\/kabiriafilms.es\/aviso-legal\/","url":"https:\/\/kabiriafilms.es\/aviso-legal\/","name":"Aviso Legal - KABIRIA Films","isPartOf":{"@id":"https:\/\/kabiriafilms.es\/#website"},"datePublished":"2025-05-14T15:11:13+00:00","dateModified":"2025-05-14T15:15:32+00:00","breadcrumb":{"@id":"https:\/\/kabiriafilms.es\/aviso-legal\/#breadcrumb"},"inLanguage":"en-GB","potentialAction":[{"@type":"ReadAction","target":["https:\/\/kabiriafilms.es\/aviso-legal\/"]}]},{"@type":"BreadcrumbList","@id":"https:\/\/kabiriafilms.es\/aviso-legal\/#breadcrumb","itemListElement":[{"@type":"ListItem","position":1,"name":"Portada","item":"https:\/\/kabiriafilms.es\/"},{"@type":"ListItem","position":2,"name":"Aviso Legal"}]},{"@type":"WebSite","@id":"https:\/\/kabiriafilms.es\/#website","url":"https:\/\/kabiriafilms.es\/","name":"KABIRIA Films","description":"","potentialAction":[{"@type":"SearchAction","target":{"@type":"EntryPoint","urlTemplate":"https:\/\/kabiriafilms.es\/?s={search_term_string}"},"query-input":{"@type":"PropertyValueSpecification","valueRequired":true,"valueName":"search_term_string"}}],"inLanguage":"en-GB"}]}},"_links":{"self":[{"href":"https:\/\/kabiriafilms.es\/en\/wp-json\/wp\/v2\/pages\/12662","targetHints":{"allow":["GET"]}}],"collection":[{"href":"https:\/\/kabiriafilms.es\/en\/wp-json\/wp\/v2\/pages"}],"about":[{"href":"https:\/\/kabiriafilms.es\/en\/wp-json\/wp\/v2\/types\/page"}],"author":[{"embeddable":true,"href":"https:\/\/kabiriafilms.es\/en\/wp-json\/wp\/v2\/users\/1"}],"replies":[{"embeddable":true,"href":"https:\/\/kabiriafilms.es\/en\/wp-json\/wp\/v2\/comments?post=12662"}],"version-history":[{"count":0,"href":"https:\/\/kabiriafilms.es\/en\/wp-json\/wp\/v2\/pages\/12662\/revisions"}],"wp:attachment":[{"href":"https:\/\/kabiriafilms.es\/en\/wp-json\/wp\/v2\/media?parent=12662"}],"curies":[{"name":"wp","href":"https:\/\/api.w.org\/{rel}","templated":true}]}}