{"id":3,"date":"2025-04-24T16:29:30","date_gmt":"2025-04-24T14:29:30","guid":{"rendered":"https:\/\/kabiriafilms.es\/?page_id=3"},"modified":"2025-05-14T17:09:56","modified_gmt":"2025-05-14T15:09:56","slug":"politica-de-privacidad","status":"publish","type":"page","link":"https:\/\/kabiriafilms.es\/en\/politica-de-privacidad\/","title":{"rendered":"Pol\u00edtica de privacidad"},"content":{"rendered":"<div data-elementor-type=\"wp-page\" data-elementor-id=\"3\" class=\"elementor elementor-3\">\n\t\t\t\t<div class=\"elementor-element elementor-element-20d8e062 e-flex e-con-boxed mk-enable-fade-animation-none mk-sticky-column-false mk-sticky-column-disable-tablet e-con e-parent\" data-id=\"20d8e062\" data-element_type=\"container\" data-settings=\"{&quot;mk-animation-effect&quot;:&quot;none&quot;,&quot;mk_ext_is_sticky&quot;:&quot;false&quot;}\">\n\t\t\t\t\t<div class=\"e-con-inner\">\n\t\t\t\t<div class=\"elementor-element elementor-element-3eb58788 mk-enable-fade-animation-none elementor-widget elementor-widget-text-editor\" data-id=\"3eb58788\" data-element_type=\"widget\" data-settings=\"{&quot;mk-animation-effect&quot;:&quot;none&quot;,&quot;mk_ext_is_infinite&quot;:&quot;false&quot;,&quot;mk_ext_is_scrollme&quot;:&quot;false&quot;}\" data-widget_type=\"text-editor.default\">\n\t\t\t\t<div class=\"elementor-widget-container\">\n\t\t\t\t\t\t\t\t\t<p><a name=\"_Toc265576818\"><\/a><strong>POLITICA PRIVACIDAD Y PROTECCI\u00d3N DE DATOS<\/strong><\/p><p><strong> 1. Recogida, tratamiento y uso de los datos personales en la web<\/strong><\/p><p>En base a lo dispuesto en el Reglamento General de Protecci\u00f3n de Datos 2016\/679 (RGPD) y en la Ley Org\u00e1nica 3\/2018, de Protecci\u00f3n de Datos Personales y garant\u00eda de derechos digitales (LOPDGDD), le informamos que para hacer uso algunos de los servicios que les ofrece nuestra web, puede ser necesario que nos suministre determinados datos de car\u00e1cter personal que ser\u00e1n incorporados a ficheros automatizados.<\/p><p>Cumpliendo con las nuevas disposiciones del Reglamento (UE) 2016\/679 del PE y del Consejo de 27 de abril de 2016 y de la Ley Org\u00e1nica 3\/2018, de 5 de diciembre, de Protecci\u00f3n de Datos Personales y garant\u00eda de derechos digitales, relativas a la protecci\u00f3n de las personas f\u00edsicas en lo que respecta al tratamiento de datos personales y a la libre circulaci\u00f3n de estos datos y por el que se deroga la Directiva 95\/46\/CE, le informamos que el responsable del tratamiento de los datos es:<\/p><p><strong><em>KABIRIA FILMS, S.L. <br \/><\/em><\/strong><strong><em>CIF: B88001896<br \/><\/em><\/strong><strong><em>Domicilio social: C\/QUESADA, 6. LOCAL IZQ &#8211; 28010 MADRID.<br \/><\/em><\/strong><strong><em>Correo electr\u00f3nico: produccion@kabiriafilms.es<br \/><\/em><\/strong><strong><em>P\u00e1gina web: www.kabiriafilms.es<\/em><\/strong><\/p><p>Para realizar cualquier tipo de observaci\u00f3n respecto a posibles incumplimientos de los derechos de propiedad intelectual o industrial, as\u00ed como sobre cualquiera de los contenidos del sitio web, puede hacerlo poni\u00e9ndose en contacto con nosotros a trav\u00e9s de cualquiera de los medios indicados anteriormente.<\/p><p>Los contenidos del Sitio Web tienen como finalidad informar a los Usuarios, de los servicios ofrecidos como consecuencia de las solicitudes, gestiones o tr\u00e1mites que el Usuario realice mediante la web. Los datos objeto de tratamiento ser\u00e1n aquellos que nos facilite a trav\u00e9s de los formularios que en cada momento contenga la p\u00e1gina o a trav\u00e9s de los correos electr\u00f3nicos que el Usuario dirija a las direcciones de correo electr\u00f3nico identificadas en la misma, as\u00ed como aquellos otros que se generen durante el mantenimiento de la relaci\u00f3n correspondiente.<\/p><p>Todos los campos que aparecen se\u00f1alados como obligatorios en cualquiera de los formularios deber\u00e1n ser cumplimentados necesariamente, de tal modo que la omisi\u00f3n de alguno de ellos podr\u00e1 comportar la imposibilidad de que podamos atender su solicitud o prestarle los servicios correspondientes.<\/p><p>Adicionalmente, durante dicha recogida de datos, es posible que se solicite su consentimiento para otra serie de finalidades que no guardan una relaci\u00f3n directa con el servicio o la relaci\u00f3n correspondiente. En el caso de que no est\u00e9 de acuerdo con dichos tratamientos adicionales, marque la casilla destinada al efecto seg\u00fan corresponda.<\/p><p>Solicitantes de informaci\u00f3n: Los datos personales utilizados en estos casos proceden del propio interesado, el cual los proporciona a KABIRIA FILMS, S.L. al completar el formulario de contacto contenido en el Sitio Web, al efectuar una llamada telef\u00f3nica, o al enviar un correo.<\/p><p>Estos datos se utilizan con la finalidad de resolver las consultas y proporcionar informaci\u00f3n a aquellos que lo demanden o lo autoricen expresamente, principalmente por medio del correo electr\u00f3nico.<\/p><p>La persona que acceda a este Sitio Web (en adelante, el Usuario), asegura que tiene la edad m\u00ednima legal establecida por el Reglamento General de Protecci\u00f3n de Datos 679\/2016 o por la normativa nacional que le sea de aplicaci\u00f3n para otorgar el consentimiento en relaci\u00f3n con los Servicios de la Sociedad de la Informaci\u00f3n.<\/p><p>Mediante el acceso a este Sitio Web, el Usuario acepta expresamente todas las cl\u00e1usulas de su informaci\u00f3n legal, de esta pol\u00edtica de privacidad, y de su pol\u00edtica de cookies, as\u00ed como de todas aquellas condiciones particulares recogidas para la utilizaci\u00f3n de determinados servicios. En caso de no aceptar alguna de las citadas cl\u00e1usulas, el Usuario deber\u00e1 abstenerse de acceder a este Sitio Web.<\/p><p>Al acceder el Usuario a las cuentas de KABIRIA FILMS, S.L. en las redes sociales acepta el tratamiento de sus datos personales por parte de las mismas seg\u00fan sus pol\u00edticas de privacidad.<\/p><p><strong> 2. Finalidad del tratamiento de los datos personales<\/strong><\/p><p>En KABIRIA FILMS, S.L. trataremos sus datos personales, recabados a trav\u00e9s del Sitio Web con las siguientes finalidades:<\/p><p>\u2013 Env\u00edo de informaci\u00f3n solicitada a trav\u00e9s de los formularios de contacto dispuestos en el Sitio Web para la finalidad solicitar cualquier tipo de consulta relacionada con servicios que prestamos.<\/p><p>En KABIRIA FILMS, S.L. trataremos los datos personales de nuestros clientes y proveedores con las siguientes finalidades:<\/p><p>&#8211; Prestar el servicio contratado por parte del cliente.<\/p><p>&#8211; Realizar todas las tareas derivadas del a relaci\u00f3n con nuestros proveedores.<\/p><p>&#8211; Tr\u00e1mites administrativos.<\/p><p>Asimismo, le recordamos que puede oponerse al env\u00edo de comunicaciones comerciales y\/o informativas por cualquier v\u00eda y en cualquier momento, dirigi\u00e9ndose a KABIRIA FILMS, S.L.<\/p><p>Los campos de dichos registros son de cumplimentaci\u00f3n obligatoria, siendo imposible realizar las finalidades expresadas si no se aportan esos datos.<\/p><p><strong>Redes sociales:<\/strong> KABIRIA FILMS, S.L. mantiene perfiles en varias redes sociales. Adem\u00e1s, los servicios pueden incorporar funcionalidades de redes sociales, por ejemplo, servicios de mensajer\u00eda. En tu uso o interacci\u00f3n con esas funcionalidades podemos recopilar informaci\u00f3n sobre tu usuario en dicha red social. Si utilizas las redes sociales, los operadores de redes sociales determinan la naturaleza, el alcance y los prop\u00f3sitos del tratamiento de los datos en las mismas. Estas redes sociales tienen sus propias pol\u00edticas de privacidad, mediante las cuales te explicar\u00e1n c\u00f3mo utilizan y comparten tu informaci\u00f3n personal. Te recomendamos revisar detenidamente las pol\u00edticas de privacidad antes de utilizar estas redes sociales para estar seguro de que est\u00e1s conforme con la forma en la que tu informaci\u00f3n personal se recopila y comparte.<\/p><p><strong>Uso imagen:<\/strong> Todas las im\u00e1genes\/videos que publicamos, son \u00fanica y exclusivamente con la finalidad de informar de la actividad que llevamos a cabo, y porque hemos recabado el consentimiento del interesado (art. 6.1.a GDPR). Si alguna persona se considera afectada por la publicaci\u00f3n de su imagen y no quiere que se difunda, solo ser\u00e1 necesario que lo transmita por e-mail a produccion@kabiriafilms.es e inmediatamente procederemos a eliminarla.<\/p><p><strong> 3. Legitimaci\u00f3n<\/strong><\/p><p>El tratamiento de sus datos se realiza con las siguientes bases jur\u00eddicas que legitiman el mismo:<\/p><p>\u2013 El consentimiento libre, espec\u00edfico, informado e inequ\u00edvoco, en tanto que le informamos poniendo a su disposici\u00f3n la presente pol\u00edtica de privacidad, que tras la lectura de la misma, en caso de estar conforme, puede aceptar mediante una declaraci\u00f3n o una clara acci\u00f3n afirmativa, como el marcado de una casilla dispuesta al efecto.<\/p><p>En caso de que no nos facilite sus datos o los haga de forma err\u00f3nea o incompleta, no podremos atender su solicitud, resultando del todo imposible proporcionarle la informaci\u00f3n solicitada o llevar a cabo la contrataci\u00f3n de los servicios.<\/p><p><strong> 4. Garant\u00eda<\/strong><\/p><p>El Usuario garantiza que los datos aportados son verdaderos, exactos, completos y actualizados, siendo responsable de cualquier da\u00f1o o perjuicio, directo o indirecto, que pudiera ocasionarse como consecuencia del incumplimiento de tal obligaci\u00f3n. En el caso de que los datos aportados pertenecieran a un tercero, el Usuario garantiza que ha informado a dicho tercero y obtenido su autorizaci\u00f3n para facilitar sus datos personales a KABIRIA FILMS, S.L.<\/p><p><strong> 5. Conservaci\u00f3n de los datos<\/strong><\/p><p>Sus datos se conservar\u00e1n mientras se mantenga la relaci\u00f3n contractual o durante los a\u00f1os necesarios para cumplir con las obligaciones legales, mientras no solicite su cese o durante el tiempo necesario para la realizaci\u00f3n de los fines necesarios para los recabados.<\/p><p><strong> 6. Destinatarios<\/strong><\/p><p>Sus datos ser\u00e1n conservados bajo estrictas medidas de seguridad que garanticen la confidencialidad y la seguridad de los mismos. Del mismo modo, s\u00f3lo ser\u00e1n cedidos a las entidades y para las finalidades siguientes:<\/p><p>-Entidades y proveedores que prestan servicios a KABIRIA FILMS, S.L. para la correcta realizaci\u00f3n de estos servicios. Dichas entidades y proveedores se encuentran debidamente acreditados y firman con nosotros el correspondiente contrato de tratamiento de datos en cumplimiento de la normativa de protecci\u00f3n de datos vigente.<\/p><p>-Organismos y entidades oficiales en cumplimiento de las normativas y leyes vigentes.<\/p><p>Los datos no se comunicar\u00e1n a ning\u00fan tercero ajeno a KABIRIA FILMS, S.L., fuera de los casos anteriormente descritos, salvo obligaci\u00f3n legal o autorizaci\u00f3n previa.<\/p><p>Destinatarios fuera de la Uni\u00f3n Europea: KABIRIA FILMS, S.L. no cede datos personales a terceros ni contrata con proveedores prestadores de servicios fuera de la Uni\u00f3n Europea.<\/p><p><strong> 7. Derechos<\/strong><\/p><p>Como interesado que nos has proporcionado tus datos personales, tienes pleno derecho a obtener confirmaci\u00f3n sobre si en KABIRIA FILMS, S.L. estamos tratando tus datos personales, y en concreto est\u00e1s facultado para ejercitar los siguientes derechos que la normativa en materia de protecci\u00f3n de datos te reconoce, conforme a lo previsto en la misma:<\/p><p>\u2013 Derecho de ACCESO a tus datos personales.<\/p><p>\u2013 Derechos de solicitar la RECTIFICACI\u00d3N de los datos inexactos.<\/p><p>\u2013 Derecho de solicitar su SUPRESI\u00d3N cuando, entre otros motivos, los datos ya no sean necesarios para los fines que fueron recogidos.<\/p><p>\u00a0\u2013 En determinadas circunstancias, podr\u00e1s solicitar la LIMITACI\u00d3N DEL TRATAMIENTO de tus datos, en cuyo caso \u00fanicamente los conservaremos para el ejercicio o la defensa de reclamaciones.<\/p><p>\u2013 En determinadas circunstancias y por motivos relacionados con su situaci\u00f3n particular, los interesados podr\u00e1n ejercitar su derecho de OPOSICI\u00d3N al tratamiento de sus datos. Dejaremos de tratar los datos, salvo por motivos leg\u00edtimos imperiosos, o el ejercicio o la defensa de posibles reclamaciones.<\/p><p>\u2013 En determinadas circunstancias y por motivos relacionados con tu situaci\u00f3n particular, podr\u00e1s solicitar su derecho a la PORTABILIDAD de los datos.<\/p><p>Podr\u00e1s ejercer tales derechos o solicitar informaci\u00f3n adicional mediante carta dirigida a KABIRIA FILMS, S.L. mediante carta dirigida a la direcci\u00f3n postal situada en C\/QUESADA, 6. LOCAL IZQ &#8211; 28010 MADRID, o a trav\u00e9s de la direcci\u00f3n de correo electr\u00f3nico produccion@kabiriafilms.es.<\/p><p>Adem\u00e1s, en caso de que se haya vulnerado cualquiera de tus derechos, el interesado tiene derecho a presentar una reclamaci\u00f3n ante la Agencia Espa\u00f1ola de Protecci\u00f3n de Datos (AEPD), en C\/ Jorge Juan, 6, 28001-Madrid o a trav\u00e9s de la sede electr\u00f3nica de la AEPD: https:\/\/sedeagpd.gob.es\/sede-electronica-web\/.<\/p><p><strong> 8. Confidencialidad y destrucci\u00f3n documental<\/strong><\/p><p><strong>Secreto profesional.<\/strong> KABIRIA FILMS, S.L. y los colaboradores que trabajan con nosotros y que tuvieran alg\u00fan tipo de intervenci\u00f3n en los servicios prestados al titular de los datos, est\u00e1n comprometidos a no divulgar ni hacer uso de la informaci\u00f3n a la que hayan accedido por raz\u00f3n de su relaci\u00f3n con la empresa. La informaci\u00f3n suministrada tendr\u00e1, en todo caso, la consideraci\u00f3n de confidencial, sin que pueda ser utilizada para otros fines que los relacionados con los servicios solicitados a KABIRIA FILMS, S.L.<\/p><p><strong>Destrucci\u00f3n documental.<\/strong> Con el objetivo de preservar y garantizar la confidencialidad, KABIRIA FILMS, S.L. se compromete a destruir toda la informaci\u00f3n confidencial a la que por raz\u00f3n de una prestaci\u00f3n de servicios haya tenido acceso cuando dejen de ser necesarios para la finalidad con la que se recabaron, salvo que exista una obligaci\u00f3n legal para su conservaci\u00f3n. Si el titular desea conservar el original o una copia de dicha informaci\u00f3n, deber\u00e1 imprimirla o guardarla por sus propios medios o acudir a la sede de KABIRIA FILMS, S.L. para recogerla antes de su destrucci\u00f3n.<\/p><p><strong>9. Duraci\u00f3n y modificaci\u00f3n de la Pol\u00edtica de Privacidad<\/strong><\/p><p>KABIRIA FILMS, S.L. se reserva el derecho a modificar, total o parcialmente, la presente Pol\u00edtica de Privacidad, publicando los cambios en el Sitio Web. Asimismo, podr\u00e1 efectuar sin previo aviso las modificaciones que considere oportunas, pudiendo cambiar, suprimir o a\u00f1adir tanto los contenidos y servicios que presta, como la forma en la que \u00e9stos aparezcan presentados o localizados. En consecuencia, se entender\u00e1n como vigentes, las Pol\u00edticas que est\u00e9n publicadas en el momento en el que el Usuario acceda deber\u00e1 leerlas peri\u00f3dicamente.<\/p><p>Con independencia de lo dispuesto, KABIRIA FILMS, S.L. podr\u00e1 dar por terminado, suspender o interrumpir, en cualquier momento sin necesidad de preaviso, el acceso a los contenidos del Sitio Web, sin posibilidad por parte del Usuario de exigir indemnizaci\u00f3n alguna.<\/p><p>Documento redactado y elaborado por <a href=\"https:\/\/www.protectionreport.com\">PROTECTION REPORT S, S.L.<\/a>, la cual se reserva las acciones legales que correspondan contra todo aquel que copie y utilice de forma ileg\u00edtima el contenido.<\/p>\t\t\t\t\t\t\t\t<\/div>\n\t\t\t\t<\/div>\n\t\t\t\t\t<\/div>\n\t\t\t\t<\/div>\n\t\t\t\t<\/div>","protected":false},"excerpt":{"rendered":"<p>POLITICA PRIVACIDAD Y PROTECCI\u00d3N DE DATOS 1. Recogida, tratamiento y uso de los datos personales en la web En base a lo dispuesto en el Reglamento General de Protecci\u00f3n de Datos 2016\/679 (RGPD) y en la Ley Org\u00e1nica 3\/2018, de [&hellip;]<\/p>","protected":false},"author":1,"featured_media":0,"parent":0,"menu_order":0,"comment_status":"closed","ping_status":"closed","template":"","meta":{"inline_featured_image":false,"footnotes":""},"class_list":["post-3","page","type-page","status-publish","hentry"],"yoast_head":"<!-- This site is optimized with the Yoast SEO plugin v25.0 - https:\/\/yoast.com\/wordpress\/plugins\/seo\/ -->\n<title>Pol\u00edtica de privacidad - KABIRIA Films<\/title>\n<meta name=\"robots\" content=\"index, follow, max-snippet:-1, max-image-preview:large, max-video-preview:-1\" \/>\n<link rel=\"canonical\" href=\"https:\/\/kabiriafilms.es\/en\/politica-de-privacidad\/\" \/>\n<meta property=\"og:locale\" content=\"en_GB\" \/>\n<meta property=\"og:type\" content=\"article\" \/>\n<meta property=\"og:title\" content=\"Pol\u00edtica de privacidad - KABIRIA Films\" \/>\n<meta property=\"og:description\" content=\"POLITICA PRIVACIDAD Y PROTECCI\u00d3N DE DATOS 1. Recogida, tratamiento y uso de los datos personales en la web En base a lo dispuesto en el Reglamento General de Protecci\u00f3n de Datos 2016\/679 (RGPD) y en la Ley Org\u00e1nica 3\/2018, de [&hellip;]\" \/>\n<meta property=\"og:url\" content=\"https:\/\/kabiriafilms.es\/en\/politica-de-privacidad\/\" \/>\n<meta property=\"og:site_name\" content=\"KABIRIA Films\" \/>\n<meta property=\"article:modified_time\" content=\"2025-05-14T15:09:56+00:00\" \/>\n<meta name=\"twitter:card\" content=\"summary_large_image\" \/>\n<meta name=\"twitter:label1\" content=\"Estimated reading time\" \/>\n\t<meta name=\"twitter:data1\" content=\"9 minutes\" \/>\n<script type=\"application\/ld+json\" class=\"yoast-schema-graph\">{\"@context\":\"https:\/\/schema.org\",\"@graph\":[{\"@type\":\"WebPage\",\"@id\":\"https:\/\/kabiriafilms.es\/politica-de-privacidad\/\",\"url\":\"https:\/\/kabiriafilms.es\/politica-de-privacidad\/\",\"name\":\"Pol\u00edtica de privacidad - KABIRIA Films\",\"isPartOf\":{\"@id\":\"https:\/\/kabiriafilms.es\/#website\"},\"datePublished\":\"2025-04-24T14:29:30+00:00\",\"dateModified\":\"2025-05-14T15:09:56+00:00\",\"breadcrumb\":{\"@id\":\"https:\/\/kabiriafilms.es\/politica-de-privacidad\/#breadcrumb\"},\"inLanguage\":\"en-GB\",\"potentialAction\":[{\"@type\":\"ReadAction\",\"target\":[\"https:\/\/kabiriafilms.es\/politica-de-privacidad\/\"]}]},{\"@type\":\"BreadcrumbList\",\"@id\":\"https:\/\/kabiriafilms.es\/politica-de-privacidad\/#breadcrumb\",\"itemListElement\":[{\"@type\":\"ListItem\",\"position\":1,\"name\":\"Portada\",\"item\":\"https:\/\/kabiriafilms.es\/\"},{\"@type\":\"ListItem\",\"position\":2,\"name\":\"Pol\u00edtica de privacidad\"}]},{\"@type\":\"WebSite\",\"@id\":\"https:\/\/kabiriafilms.es\/#website\",\"url\":\"https:\/\/kabiriafilms.es\/\",\"name\":\"KABIRIA Films\",\"description\":\"\",\"potentialAction\":[{\"@type\":\"SearchAction\",\"target\":{\"@type\":\"EntryPoint\",\"urlTemplate\":\"https:\/\/kabiriafilms.es\/?s={search_term_string}\"},\"query-input\":{\"@type\":\"PropertyValueSpecification\",\"valueRequired\":true,\"valueName\":\"search_term_string\"}}],\"inLanguage\":\"en-GB\"}]}<\/script>\n<!-- \/ Yoast SEO plugin. -->","yoast_head_json":{"title":"Pol\u00edtica de privacidad - KABIRIA Films","robots":{"index":"index","follow":"follow","max-snippet":"max-snippet:-1","max-image-preview":"max-image-preview:large","max-video-preview":"max-video-preview:-1"},"canonical":"https:\/\/kabiriafilms.es\/en\/politica-de-privacidad\/","og_locale":"en_GB","og_type":"article","og_title":"Pol\u00edtica de privacidad - KABIRIA Films","og_description":"POLITICA PRIVACIDAD Y PROTECCI\u00d3N DE DATOS 1. Recogida, tratamiento y uso de los datos personales en la web En base a lo dispuesto en el Reglamento General de Protecci\u00f3n de Datos 2016\/679 (RGPD) y en la Ley Org\u00e1nica 3\/2018, de [&hellip;]","og_url":"https:\/\/kabiriafilms.es\/en\/politica-de-privacidad\/","og_site_name":"KABIRIA Films","article_modified_time":"2025-05-14T15:09:56+00:00","twitter_card":"summary_large_image","twitter_misc":{"Estimated reading time":"9 minutes"},"schema":{"@context":"https:\/\/schema.org","@graph":[{"@type":"WebPage","@id":"https:\/\/kabiriafilms.es\/politica-de-privacidad\/","url":"https:\/\/kabiriafilms.es\/politica-de-privacidad\/","name":"Pol\u00edtica de privacidad - KABIRIA Films","isPartOf":{"@id":"https:\/\/kabiriafilms.es\/#website"},"datePublished":"2025-04-24T14:29:30+00:00","dateModified":"2025-05-14T15:09:56+00:00","breadcrumb":{"@id":"https:\/\/kabiriafilms.es\/politica-de-privacidad\/#breadcrumb"},"inLanguage":"en-GB","potentialAction":[{"@type":"ReadAction","target":["https:\/\/kabiriafilms.es\/politica-de-privacidad\/"]}]},{"@type":"BreadcrumbList","@id":"https:\/\/kabiriafilms.es\/politica-de-privacidad\/#breadcrumb","itemListElement":[{"@type":"ListItem","position":1,"name":"Portada","item":"https:\/\/kabiriafilms.es\/"},{"@type":"ListItem","position":2,"name":"Pol\u00edtica de privacidad"}]},{"@type":"WebSite","@id":"https:\/\/kabiriafilms.es\/#website","url":"https:\/\/kabiriafilms.es\/","name":"KABIRIA Films","description":"","potentialAction":[{"@type":"SearchAction","target":{"@type":"EntryPoint","urlTemplate":"https:\/\/kabiriafilms.es\/?s={search_term_string}"},"query-input":{"@type":"PropertyValueSpecification","valueRequired":true,"valueName":"search_term_string"}}],"inLanguage":"en-GB"}]}},"_links":{"self":[{"href":"https:\/\/kabiriafilms.es\/en\/wp-json\/wp\/v2\/pages\/3","targetHints":{"allow":["GET"]}}],"collection":[{"href":"https:\/\/kabiriafilms.es\/en\/wp-json\/wp\/v2\/pages"}],"about":[{"href":"https:\/\/kabiriafilms.es\/en\/wp-json\/wp\/v2\/types\/page"}],"author":[{"embeddable":true,"href":"https:\/\/kabiriafilms.es\/en\/wp-json\/wp\/v2\/users\/1"}],"replies":[{"embeddable":true,"href":"https:\/\/kabiriafilms.es\/en\/wp-json\/wp\/v2\/comments?post=3"}],"version-history":[{"count":0,"href":"https:\/\/kabiriafilms.es\/en\/wp-json\/wp\/v2\/pages\/3\/revisions"}],"wp:attachment":[{"href":"https:\/\/kabiriafilms.es\/en\/wp-json\/wp\/v2\/media?parent=3"}],"curies":[{"name":"wp","href":"https:\/\/api.w.org\/{rel}","templated":true}]}}